{"id":2182,"date":"2026-02-12T12:12:41","date_gmt":"2026-02-12T12:12:41","guid":{"rendered":"https:\/\/kosmetik-wellness-wick.de\/?page_id=2182"},"modified":"2026-03-09T06:23:45","modified_gmt":"2026-03-09T06:23:45","slug":"kontaktformular","status":"publish","type":"page","link":"https:\/\/kosmetik-wellness-wick.de\/?page_id=2182","title":{"rendered":"Kontaktformular"},"content":{"rendered":"<style id=\"wpforms-css-vars-2157\">\n\t\t\t\t#wpforms-2157 {\n\t\t\t\t--wpforms-container-padding: 0px;\n--wpforms-container-border-width: 1px;\n--wpforms-container-border-radius: 3px;\n--wpforms-background-color: rgba(0, 0, 0, 0);\n--wpforms-field-size-input-height: 43px;\n--wpforms-field-size-input-spacing: 15px;\n--wpforms-field-size-font-size: 16px;\n--wpforms-field-size-line-height: 19px;\n--wpforms-field-size-padding-h: 14px;\n--wpforms-field-size-checkbox-size: 16px;\n--wpforms-field-size-sublabel-spacing: 5px;\n--wpforms-field-size-icon-size: 1;\n--wpforms-label-size-font-size: 16px;\n--wpforms-label-size-line-height: 19px;\n--wpforms-label-size-sublabel-font-size: 14px;\n--wpforms-label-size-sublabel-line-height: 17px;\n--wpforms-button-size-font-size: 17px;\n--wpforms-button-size-height: 41px;\n--wpforms-button-size-padding-h: 15px;\n--wpforms-button-size-margin-top: 10px;\n--wpforms-container-shadow-size-box-shadow: none;\n\t\t\t}\n\t\t\t<\/style><div class=\"wpforms-container wpforms-container-full wpforms-render-modern\" id=\"wpforms-2157\"><form id=\"wpforms-form-2157\" class=\"wpforms-validate wpforms-form wpforms-ajax-form\" data-formid=\"2157\" method=\"post\" enctype=\"multipart\/form-data\" action=\"\/index.php?rest_route=%2Fwp%2Fv2%2Fpages%2F2182\" data-token=\"136d05b3bdf89889e1d262e705167035\" data-token-time=\"1775335821\"><noscript class=\"wpforms-error-noscript\">Bitte aktivieren Sie JavaScript in Ihrem Browser, um dieses Formular fertigzustellen.<\/noscript><div id=\"wpforms-error-noscript\" style=\"display: none;\">Bitte aktivieren Sie JavaScript in Ihrem Browser, um dieses Formular fertigzustellen.<\/div><div class=\"wpforms-field-container\"><div id=\"wpforms-2157-field_1-container\" class=\"wpforms-field wpforms-field-name\" data-field-id=\"1\"><fieldset><legend class=\"wpforms-field-label\">Name <span class=\"wpforms-required-label\" aria-hidden=\"true\">*<\/span><\/legend><div class=\"wpforms-field-row wpforms-field-medium\"><div class=\"wpforms-field-row-block wpforms-first wpforms-one-half\"><input type=\"text\" id=\"wpforms-2157-field_1\" class=\"wpforms-field-name-first wpforms-field-required\" name=\"wpforms[fields][1][first]\" aria-errormessage=\"wpforms-2157-field_1-error\" required><label for=\"wpforms-2157-field_1\" class=\"wpforms-field-sublabel after\">Vorname<\/label><\/div><div class=\"wpforms-field-row-block wpforms-one-half\"><input type=\"text\" id=\"wpforms-2157-field_1-last\" class=\"wpforms-field-name-last wpforms-field-required\" name=\"wpforms[fields][1][last]\" aria-errormessage=\"wpforms-2157-field_1-last-error\" required><label for=\"wpforms-2157-field_1-last\" class=\"wpforms-field-sublabel after\">Nachname<\/label><\/div><\/div><\/fieldset><\/div><div id=\"wpforms-2157-field_2-container\" class=\"wpforms-field wpforms-field-email\" data-field-id=\"2\"><label class=\"wpforms-field-label\" for=\"wpforms-2157-field_2\">E-Mail<\/label><input type=\"email\" id=\"wpforms-2157-field_2\" class=\"wpforms-field-medium\" name=\"wpforms[fields][2]\" spellcheck=\"false\" aria-errormessage=\"wpforms-2157-field_2-error\" ><\/div>\t\t<div id=\"wpforms-2157-field_8-container\"\n\t\t\tclass=\"wpforms-field wpforms-field-text\"\n\t\t\tdata-field-type=\"text\"\n\t\t\tdata-field-id=\"8\"\n\t\t\t>\n\t\t\t<label class=\"wpforms-field-label\" for=\"wpforms-2157-field_8\" >Betreff E-Mail -<\/label>\n\t\t\t<input type=\"text\" id=\"wpforms-2157-field_8\" class=\"wpforms-field-medium\" name=\"wpforms[fields][8]\" >\n\t\t<\/div>\n\t\t<div id=\"wpforms-2157-field_4-container\" class=\"wpforms-field wpforms-field-number\" data-field-id=\"4\"><label class=\"wpforms-field-label\" for=\"wpforms-2157-field_4\">Telefonnummer <span class=\"wpforms-required-label\" aria-hidden=\"true\">*<\/span><\/label><input type=\"number\" id=\"wpforms-2157-field_4\" class=\"wpforms-field-medium wpforms-field-required\" name=\"wpforms[fields][4]\" step=\"any\" aria-errormessage=\"wpforms-2157-field_4-error\" required><\/div><div id=\"wpforms-2157-field_5-container\" class=\"wpforms-field wpforms-field-text\" data-field-id=\"5\"><label class=\"wpforms-field-label\" for=\"wpforms-2157-field_5\">Leistung<\/label><input type=\"text\" id=\"wpforms-2157-field_5\" class=\"wpforms-field-medium\" name=\"wpforms[fields][5]\" placeholder=\"Welche Leistung m\u00f6chten Sie in Anspruch nehmen\" aria-errormessage=\"wpforms-2157-field_5-error\" ><\/div><div id=\"wpforms-2157-field_6-container\" class=\"wpforms-field wpforms-field-text\" data-field-id=\"6\"><label class=\"wpforms-field-label\" for=\"wpforms-2157-field_6\">Wunschtermin - Betreff<\/label><input type=\"text\" id=\"wpforms-2157-field_6\" class=\"wpforms-field-medium\" name=\"wpforms[fields][6]\" placeholder=\"Datum und Uhrzeit\" aria-errormessage=\"wpforms-2157-field_6-error\" ><\/div><div id=\"wpforms-2157-field_3-container\" class=\"wpforms-field wpforms-field-textarea\" data-field-id=\"3\"><label class=\"wpforms-field-label\" for=\"wpforms-2157-field_3\">Kommentar oder Nachricht<\/label><textarea id=\"wpforms-2157-field_3\" class=\"wpforms-field-medium\" name=\"wpforms[fields][3]\" aria-errormessage=\"wpforms-2157-field_3-error\" ><\/textarea><\/div><div id=\"wpforms-2157-field_7-container\" class=\"wpforms-field wpforms-field-checkbox\" data-field-id=\"7\"><fieldset><legend class=\"wpforms-field-label\">Datenschutzerkl\u00e4rung<\/legend><ul id=\"wpforms-2157-field_7\"><li class=\"choice-1 depth-1\"><input type=\"checkbox\" id=\"wpforms-2157-field_7_1\" name=\"wpforms[fields][7][]\" value=\"Ja, ich habe die &lt;a href=&quot;https:\/\/kosmetik-wellness-wick.de\/?page_id=2329&quot; target=&quot;_blank&quot; rel=&quot;noopener&quot;&gt;Datenschutzerkl\u00e4rung&lt;\/a&gt; zur Kenntnis genommen und bin damit einverstanden, dass die von mir angegebenen Daten elektronisch erhoben und gespeichert werden.\" aria-errormessage=\"wpforms-2157-field_7_1-error\"  ><label class=\"wpforms-field-label-inline\" for=\"wpforms-2157-field_7_1\">Ja, ich habe die <a href=\"https:\/\/kosmetik-wellness-wick.de\/?page_id=2329\" target=\"_blank\" rel=\"noopener\">Datenschutzerkl\u00e4rung<\/a> zur Kenntnis genommen und bin damit einverstanden, dass die von mir angegebenen Daten elektronisch erhoben und gespeichert werden.<\/label><\/li><\/ul><\/fieldset><\/div><script>\n\t\t\t\t( function() {\n\t\t\t\t\tconst style = document.createElement( 'style' );\n\t\t\t\t\tstyle.appendChild( document.createTextNode( '#wpforms-2157-field_8-container { position: absolute !important; overflow: hidden !important; display: inline !important; height: 1px !important; width: 1px !important; z-index: -1000 !important; padding: 0 !important; } #wpforms-2157-field_8-container input { visibility: hidden; } #wpforms-conversational-form-page #wpforms-2157-field_8-container label { counter-increment: none; }' ) );\n\t\t\t\t\tdocument.head.appendChild( style );\n\t\t\t\t\tdocument.currentScript?.remove();\n\t\t\t\t} )();\n\t\t\t<\/script><\/div><!-- .wpforms-field-container --><div class=\"wpforms-recaptcha-container wpforms-is-recaptcha wpforms-is-recaptcha-type-v3\" ><input type=\"hidden\" name=\"wpforms[recaptcha]\" value=\"\"><\/div><div class=\"wpforms-submit-container\" ><input type=\"hidden\" name=\"wpforms[id]\" value=\"2157\"><input type=\"hidden\" name=\"page_title\" value=\"\"><input type=\"hidden\" name=\"page_url\" value=\"https:\/\/kosmetik-wellness-wick.de\/index.php?rest_route=\/wp\/v2\/pages\/2182\"><input type=\"hidden\" name=\"url_referer\" value=\"\"><button type=\"submit\" name=\"wpforms[submit]\" id=\"wpforms-submit-2157\" class=\"wpforms-submit\" data-alt-text=\"Senden\u2026\" data-submit-text=\"Absenden\" aria-live=\"assertive\" value=\"wpforms-submit\">Absenden<\/button><img loading=\"lazy\" decoding=\"async\" src=\"https:\/\/kosmetik-wellness-wick.de\/wp-content\/plugins\/wpforms-lite\/assets\/images\/submit-spin.svg\" class=\"wpforms-submit-spinner\" style=\"display: none;\" width=\"26\" height=\"26\" alt=\"Wird geladen\"><\/div><\/form><\/div>  <!-- .wpforms-container -->\n","protected":false},"excerpt":{"rendered":"","protected":false},"author":1,"featured_media":0,"parent":0,"menu_order":0,"comment_status":"closed","ping_status":"closed","template":"","meta":{"_acf_changed":false,"footnotes":""},"class_list":["post-2182","page","type-page","status-publish","hentry"],"acf":[],"yoast_head":"<!-- This site is optimized with the Yoast SEO plugin v26.9 - https:\/\/yoast.com\/product\/yoast-seo-wordpress\/ -->\n<title>Kontaktformular - Wick Kosmetik &amp; Wellness in Oberstaufen im Allg\u00e4u<\/title>\n<meta name=\"description\" content=\"Kontaktformular Wick Kosmetik und Wellness \u2013 Jetzt Termin anfragen f\u00fcr Beauty, Massage und Entspannung in angenehmer Atmosph\u00e4re.\" \/>\n<meta name=\"robots\" content=\"index, follow, max-snippet:-1, max-image-preview:large, max-video-preview:-1\" \/>\n<link rel=\"canonical\" href=\"https:\/\/kosmetik-wellness-wick.de\/?page_id=2182\" \/>\n<meta property=\"og:locale\" content=\"de_DE\" \/>\n<meta property=\"og:type\" content=\"article\" \/>\n<meta property=\"og:title\" content=\"Kontaktformular - Wick Kosmetik &amp; Wellness in Oberstaufen im Allg\u00e4u\" \/>\n<meta property=\"og:description\" content=\"Kontaktformular Wick Kosmetik und Wellness \u2013 Jetzt Termin anfragen f\u00fcr Beauty, Massage und Entspannung in angenehmer Atmosph\u00e4re.\" \/>\n<meta property=\"og:url\" content=\"https:\/\/kosmetik-wellness-wick.de\/?page_id=2182\" \/>\n<meta property=\"og:site_name\" content=\"Wick Kosmetik &amp; Wellness in Oberstaufen im Allg\u00e4u\" \/>\n<meta property=\"article:modified_time\" content=\"2026-03-09T06:23:45+00:00\" \/>\n<meta name=\"twitter:card\" content=\"summary_large_image\" \/>\n<meta name=\"twitter:label1\" content=\"Gesch\u00e4tzte Lesezeit\" \/>\n\t<meta name=\"twitter:data1\" content=\"1\u00a0Minute\" \/>\n<script type=\"application\/ld+json\" class=\"yoast-schema-graph\">{\"@context\":\"https:\/\/schema.org\",\"@graph\":[{\"@type\":\"WebPage\",\"@id\":\"https:\/\/kosmetik-wellness-wick.de\/?page_id=2182\",\"url\":\"https:\/\/kosmetik-wellness-wick.de\/?page_id=2182\",\"name\":\"Kontaktformular - Wick Kosmetik &amp; Wellness in Oberstaufen im Allg\u00e4u\",\"isPartOf\":{\"@id\":\"https:\/\/kosmetik-wellness-wick.de\/#website\"},\"datePublished\":\"2026-02-12T12:12:41+00:00\",\"dateModified\":\"2026-03-09T06:23:45+00:00\",\"description\":\"Kontaktformular Wick Kosmetik und Wellness \u2013 Jetzt Termin anfragen f\u00fcr Beauty, Massage und Entspannung in angenehmer Atmosph\u00e4re.\",\"breadcrumb\":{\"@id\":\"https:\/\/kosmetik-wellness-wick.de\/?page_id=2182#breadcrumb\"},\"inLanguage\":\"de\",\"potentialAction\":[{\"@type\":\"ReadAction\",\"target\":[\"https:\/\/kosmetik-wellness-wick.de\/?page_id=2182\"]}]},{\"@type\":\"BreadcrumbList\",\"@id\":\"https:\/\/kosmetik-wellness-wick.de\/?page_id=2182#breadcrumb\",\"itemListElement\":[{\"@type\":\"ListItem\",\"position\":1,\"name\":\"Start\",\"item\":\"https:\/\/kosmetik-wellness-wick.de\/\"},{\"@type\":\"ListItem\",\"position\":2,\"name\":\"Kontaktformular\"}]},{\"@type\":\"WebSite\",\"@id\":\"https:\/\/kosmetik-wellness-wick.de\/#website\",\"url\":\"https:\/\/kosmetik-wellness-wick.de\/\",\"name\":\"Wick Kosmetik & Wellness in Oberstaufen im Allg\u00e4u\",\"description\":\"Ihre Auszeit f\u00fcr Sch\u00f6nheit, Pflege und Entspannung im Kosmetikstudio in Oberstaufen\",\"publisher\":{\"@id\":\"https:\/\/kosmetik-wellness-wick.de\/#organization\"},\"potentialAction\":[{\"@type\":\"SearchAction\",\"target\":{\"@type\":\"EntryPoint\",\"urlTemplate\":\"https:\/\/kosmetik-wellness-wick.de\/?s={search_term_string}\"},\"query-input\":{\"@type\":\"PropertyValueSpecification\",\"valueRequired\":true,\"valueName\":\"search_term_string\"}}],\"inLanguage\":\"de\"},{\"@type\":\"Organization\",\"@id\":\"https:\/\/kosmetik-wellness-wick.de\/#organization\",\"name\":\"Wick Kosmetik & Wellness in Oberstaufen im Allg\u00e4u\",\"url\":\"https:\/\/kosmetik-wellness-wick.de\/\",\"logo\":{\"@type\":\"ImageObject\",\"inLanguage\":\"de\",\"@id\":\"https:\/\/kosmetik-wellness-wick.de\/#\/schema\/logo\/image\/\",\"url\":\"https:\/\/kosmetik-wellness-wick.de\/wp-content\/uploads\/2026\/02\/Logo-Aufbau-Wick.png\",\"contentUrl\":\"https:\/\/kosmetik-wellness-wick.de\/wp-content\/uploads\/2026\/02\/Logo-Aufbau-Wick.png\",\"width\":765,\"height\":371,\"caption\":\"Wick Kosmetik & Wellness in Oberstaufen im Allg\u00e4u\"},\"image\":{\"@id\":\"https:\/\/kosmetik-wellness-wick.de\/#\/schema\/logo\/image\/\"}}]}<\/script>\n<!-- \/ Yoast SEO plugin. -->","yoast_head_json":{"title":"Kontaktformular - Wick Kosmetik &amp; Wellness in Oberstaufen im Allg\u00e4u","description":"Kontaktformular Wick Kosmetik und Wellness \u2013 Jetzt Termin anfragen f\u00fcr Beauty, Massage und Entspannung in angenehmer Atmosph\u00e4re.","robots":{"index":"index","follow":"follow","max-snippet":"max-snippet:-1","max-image-preview":"max-image-preview:large","max-video-preview":"max-video-preview:-1"},"canonical":"https:\/\/kosmetik-wellness-wick.de\/?page_id=2182","og_locale":"de_DE","og_type":"article","og_title":"Kontaktformular - Wick Kosmetik &amp; Wellness in Oberstaufen im Allg\u00e4u","og_description":"Kontaktformular Wick Kosmetik und Wellness \u2013 Jetzt Termin anfragen f\u00fcr Beauty, Massage und Entspannung in angenehmer Atmosph\u00e4re.","og_url":"https:\/\/kosmetik-wellness-wick.de\/?page_id=2182","og_site_name":"Wick Kosmetik &amp; Wellness in Oberstaufen im Allg\u00e4u","article_modified_time":"2026-03-09T06:23:45+00:00","twitter_card":"summary_large_image","twitter_misc":{"Gesch\u00e4tzte Lesezeit":"1\u00a0Minute"},"schema":{"@context":"https:\/\/schema.org","@graph":[{"@type":"WebPage","@id":"https:\/\/kosmetik-wellness-wick.de\/?page_id=2182","url":"https:\/\/kosmetik-wellness-wick.de\/?page_id=2182","name":"Kontaktformular - Wick Kosmetik &amp; Wellness in Oberstaufen im Allg\u00e4u","isPartOf":{"@id":"https:\/\/kosmetik-wellness-wick.de\/#website"},"datePublished":"2026-02-12T12:12:41+00:00","dateModified":"2026-03-09T06:23:45+00:00","description":"Kontaktformular Wick Kosmetik und Wellness \u2013 Jetzt Termin anfragen f\u00fcr Beauty, Massage und Entspannung in angenehmer Atmosph\u00e4re.","breadcrumb":{"@id":"https:\/\/kosmetik-wellness-wick.de\/?page_id=2182#breadcrumb"},"inLanguage":"de","potentialAction":[{"@type":"ReadAction","target":["https:\/\/kosmetik-wellness-wick.de\/?page_id=2182"]}]},{"@type":"BreadcrumbList","@id":"https:\/\/kosmetik-wellness-wick.de\/?page_id=2182#breadcrumb","itemListElement":[{"@type":"ListItem","position":1,"name":"Start","item":"https:\/\/kosmetik-wellness-wick.de\/"},{"@type":"ListItem","position":2,"name":"Kontaktformular"}]},{"@type":"WebSite","@id":"https:\/\/kosmetik-wellness-wick.de\/#website","url":"https:\/\/kosmetik-wellness-wick.de\/","name":"Wick Kosmetik & Wellness in Oberstaufen im Allg\u00e4u","description":"Ihre Auszeit f\u00fcr Sch\u00f6nheit, Pflege und Entspannung im Kosmetikstudio in Oberstaufen","publisher":{"@id":"https:\/\/kosmetik-wellness-wick.de\/#organization"},"potentialAction":[{"@type":"SearchAction","target":{"@type":"EntryPoint","urlTemplate":"https:\/\/kosmetik-wellness-wick.de\/?s={search_term_string}"},"query-input":{"@type":"PropertyValueSpecification","valueRequired":true,"valueName":"search_term_string"}}],"inLanguage":"de"},{"@type":"Organization","@id":"https:\/\/kosmetik-wellness-wick.de\/#organization","name":"Wick Kosmetik & Wellness in Oberstaufen im Allg\u00e4u","url":"https:\/\/kosmetik-wellness-wick.de\/","logo":{"@type":"ImageObject","inLanguage":"de","@id":"https:\/\/kosmetik-wellness-wick.de\/#\/schema\/logo\/image\/","url":"https:\/\/kosmetik-wellness-wick.de\/wp-content\/uploads\/2026\/02\/Logo-Aufbau-Wick.png","contentUrl":"https:\/\/kosmetik-wellness-wick.de\/wp-content\/uploads\/2026\/02\/Logo-Aufbau-Wick.png","width":765,"height":371,"caption":"Wick Kosmetik & Wellness in Oberstaufen im Allg\u00e4u"},"image":{"@id":"https:\/\/kosmetik-wellness-wick.de\/#\/schema\/logo\/image\/"}}]}},"_links":{"self":[{"href":"https:\/\/kosmetik-wellness-wick.de\/index.php?rest_route=\/wp\/v2\/pages\/2182","targetHints":{"allow":["GET"]}}],"collection":[{"href":"https:\/\/kosmetik-wellness-wick.de\/index.php?rest_route=\/wp\/v2\/pages"}],"about":[{"href":"https:\/\/kosmetik-wellness-wick.de\/index.php?rest_route=\/wp\/v2\/types\/page"}],"author":[{"embeddable":true,"href":"https:\/\/kosmetik-wellness-wick.de\/index.php?rest_route=\/wp\/v2\/users\/1"}],"replies":[{"embeddable":true,"href":"https:\/\/kosmetik-wellness-wick.de\/index.php?rest_route=%2Fwp%2Fv2%2Fcomments&post=2182"}],"version-history":[{"count":4,"href":"https:\/\/kosmetik-wellness-wick.de\/index.php?rest_route=\/wp\/v2\/pages\/2182\/revisions"}],"predecessor-version":[{"id":2369,"href":"https:\/\/kosmetik-wellness-wick.de\/index.php?rest_route=\/wp\/v2\/pages\/2182\/revisions\/2369"}],"wp:attachment":[{"href":"https:\/\/kosmetik-wellness-wick.de\/index.php?rest_route=%2Fwp%2Fv2%2Fmedia&parent=2182"}],"curies":[{"name":"wp","href":"https:\/\/api.w.org\/{rel}","templated":true}]}}