{"id":2327,"date":"2026-02-13T12:13:01","date_gmt":"2026-02-13T12:13:01","guid":{"rendered":"https:\/\/kosmetik-wellness-wick.de\/?page_id=2327"},"modified":"2026-03-24T08:36:41","modified_gmt":"2026-03-24T08:36:41","slug":"impressum","status":"publish","type":"page","link":"https:\/\/kosmetik-wellness-wick.de\/?page_id=2327","title":{"rendered":"IMPRESSUM"},"content":{"rendered":"\n<p><strong>Website<\/strong><\/p>\n\n\n\n<p>Dieses Impressum gilt f\u00fcr alle Angebote unter der Domain www.kosmetik-wellness-wick.de inklusive aller Subdomains (Unterseiten).<\/p>\n\n\n\n<p><strong>Angaben gem\u00e4\u00df \u00a7 5 DDG<\/strong><\/p>\n\n\n\n<p>Carola Wick<br>Rainwaldstra\u00dfe 2<br>87534 Oberstaufen<br>Telefon: <a href=\"tel:00491719467649\" type=\"tel\" id=\"tel:00491719467649\">+49 (0) 171 9467649<\/a><br>E-Mail: <a href=\"mailto:mail@kosmetik-wellness-wick.de\">mail@kosmetik-wellness-wick.de<\/a><br>&nbsp;<\/p>\n\n\n\n<p><strong>Haftung f\u00fcr Inhalte<\/strong><\/p>\n\n\n\n<p>Die Inhalte unserer Seiten wurden mit gr\u00f6\u00dfter Sorgfalt erstellt. F\u00fcr die Richtigkeit, Vollst\u00e4ndigkeit und Aktualit\u00e4t der Inhalte k\u00f6nnen wir jedoch keine Gew\u00e4hr \u00fcbernehmen. Als Diensteanbieter sind wir gem\u00e4\u00df \u00a7 7 Abs.1 DDG f\u00fcr eigene Inhalte auf diesen Seiten nach den allgemeinen Gesetzen verantwortlich. Nach \u00a7\u00a7 8 bis 10 DDG sind wir als Diensteanbieter jedoch nicht verpflichtet, \u00fcbermittelte oder gespeicherte fremde Informationen zu \u00fcberwachen oder nach Umst\u00e4nden zu forschen, die auf eine rechtswidrige T\u00e4tigkeit hinweisen. Verpflichtungen zur Entfernung oder Sperrung der Nutzung von Informationen nach den allgemeinen Gesetzen bleiben hiervon unber\u00fchrt. Eine diesbez\u00fcgliche Haftung ist jedoch erst ab dem Zeitpunkt der Kenntnis einer konkreten Rechtsverletzung m\u00f6glich. Bei Bekanntwerden von entsprechenden Rechtsverletzungen werden wir diese Inhalte umgehend entfernen.<\/p>\n\n\n\n<p><strong>Haftung f\u00fcr Links<\/strong><\/p>\n\n\n\n<p>Unser Angebot enth\u00e4lt Links zu externen Webseiten Dritter, auf deren Inhalte wir keinen Einfluss haben. Deshalb k\u00f6nnen wir f\u00fcr diese fremden Inhalte auch keine Gew\u00e4hr \u00fcbernehmen. F\u00fcr die Inhalte der verlinkten Seiten ist stets der jeweilige Anbieter oder Betreiber der Seiten verantwortlich. Die verlinkten Seiten wurden zum Zeitpunkt der Verlinkung auf m\u00f6gliche Rechtsverst\u00f6\u00dfe \u00fcberpr\u00fcft. Rechtswidrige Inhalte waren zum Zeitpunkt der Verlinkung nicht erkennbar. Eine permanente inhaltliche Kontrolle der verlinkten Seiten ist jedoch ohne konkrete Anhaltspunkte einer Rechtsverletzung nicht zumutbar. Bei Bekanntwerden von Rechtsverletzungen werden wir derartige Links umgehend entfernen.<\/p>\n\n\n\n<p><strong>Urheberrecht<\/strong><\/p>\n\n\n\n<p>Die durch die Seitenbetreiber erstellten Inhalte und Werke auf diesen Seiten unterliegen dem deutschen Urheberrecht. Die Vervielf\u00e4ltigung, Bearbeitung, Verbreitung und jede Art der Verwertung au\u00dferhalb der Grenzen des Urheberrechtes bed\u00fcrfen der schriftlichen Zustimmung des jeweiligen Autors bzw. Erstellers. Downloads und Kopien dieser Seite sind nur f\u00fcr den privaten, nicht kommerziellen Gebrauch gestattet. Soweit die Inhalte auf dieser Seite nicht vom Betreiber erstellt wurden, werden die Urheberrechte Dritter beachtet. Insbesondere werden Inhalte Dritter als solche gekennzeichnet. Sollten Sie trotzdem auf eine Urheberrechtsverletzung aufmerksam werden, bitten wir um einen entsprechenden Hinweis. Bei Bekanntwerden von Rechtsverletzungen werden wir derartige Inhalte umgehend entfernen.<\/p>\n\n\n\n<p><strong>Datenschutz<\/strong><\/p>\n\n\n\n<p>Die Nutzung unserer Webseite ist in der Regel ohne Angabe personenbezogener Daten m\u00f6glich. Soweit auf unseren Seiten personenbezogene Daten (beispielsweise Name, Anschrift oder eMail-Adressen) erhoben werden, erfolgt dies, soweit m\u00f6glich, stets auf freiwilliger Basis. Diese Daten werden ohne Ihre ausdr\u00fcckliche Zustimmung nicht an Dritte weitergegeben.<br>Wir weisen darauf hin, dass die Daten\u00fcbertragung im Internet (z.B. bei der Kommunikation per E-Mail) Sicherheitsl\u00fccken aufweisen kann. Ein l\u00fcckenloser Schutz der Daten vor dem Zugriff durch Dritte ist nicht m\u00f6glich.<br>Der Nutzung von im Rahmen der Impressumspflicht ver\u00f6ffentlichten Kontaktdaten durch Dritte zur \u00dcbersendung von nicht ausdr\u00fccklich angeforderter Werbung und Informationsmaterialien wird hiermit ausdr\u00fccklich widersprochen. Die Betreiber der Seiten behalten sich ausdr\u00fccklich rechtliche Schritte im Falle der unverlangten Zusendung von Werbeinformationen, etwa durch Spam-Mails, vor.<\/p>\n\n\n\n<p><\/p>\n\n\n\n<p><strong>Bildquellen:<\/strong><br><a href=\"https:\/\/www.freepik.com\/app\">Freepik<\/a><\/p>\n\n\n\n<p><strong>DESIGN &amp; UMSETZUNG:<\/strong><\/p>\n\n\n\n<figure class=\"wp-block-image\"><img decoding=\"async\" src=\"https:\/\/www.metallbau-hartinger.de\/wp-content\/uploads\/2025\/03\/SB_Logo_ReDesign_Pfade_RGB_Web_Vorlage.jpg\" alt=\"\" class=\"wp-image-2456\"\/><\/figure>\n\n\n\n<p>Schrift+Bild GmbH<br>Sedanstra\u00dfe 7<br>88161 Lindenberg im Allg\u00e4u<\/p>\n\n\n\n<p>T <a href=\"tel:083818072260\">+49 8381 807226-0<\/a><br>F +49 8381 807226-9<\/p>\n\n\n\n<p><a href=\"mailto:info@schriftundbild.net\">info@schriftundbild.net<\/a><br><a href=\"https:\/\/schriftundbild.net\/\">www.schriftundbild.net<\/a><\/p>\n\n\n\n<p><strong>G\u00fcltigkeit<\/strong><\/p>\n\n\n\n<p>Dieses Impressum gilt ab dem 13. Februar 2026.<\/p>\n\n\n\n<p>\u00a92002-2026 RECHTSDOKUMENTE (Sequiter Inc.)<\/p>\n","protected":false},"excerpt":{"rendered":"<p>Website Dieses Impressum gilt f\u00fcr alle Angebote unter der Domain www.kosmetik-wellness-wick.de inklusive aller Subdomains (Unterseiten). Angaben gem\u00e4\u00df \u00a7 5 DDG Carola WickRainwaldstra\u00dfe 287534 OberstaufenTelefon: +49 (0) 171 9467649E-Mail: mail@kosmetik-wellness-wick.de&nbsp; Haftung f\u00fcr Inhalte Die Inhalte unserer Seiten wurden mit gr\u00f6\u00dfter Sorgfalt erstellt. F\u00fcr die Richtigkeit, Vollst\u00e4ndigkeit und Aktualit\u00e4t der Inhalte k\u00f6nnen wir jedoch keine Gew\u00e4hr \u00fcbernehmen. [&hellip;]<\/p>\n","protected":false},"author":1,"featured_media":0,"parent":0,"menu_order":0,"comment_status":"closed","ping_status":"closed","template":"","meta":{"_acf_changed":false,"footnotes":""},"class_list":["post-2327","page","type-page","status-publish","hentry"],"acf":[],"yoast_head":"<!-- This site is optimized with the Yoast SEO plugin v26.9 - https:\/\/yoast.com\/product\/yoast-seo-wordpress\/ -->\n<title>IMPRESSUM - Wick Kosmetik &amp; Wellness in Oberstaufen im Allg\u00e4u<\/title>\n<meta name=\"description\" content=\"Impressum Kosmetik &amp; Wellness Wick\" \/>\n<meta name=\"robots\" content=\"index, follow, max-snippet:-1, max-image-preview:large, max-video-preview:-1\" \/>\n<link rel=\"canonical\" href=\"https:\/\/kosmetik-wellness-wick.de\/?page_id=2327\" \/>\n<meta property=\"og:locale\" content=\"de_DE\" \/>\n<meta property=\"og:type\" content=\"article\" \/>\n<meta property=\"og:title\" content=\"IMPRESSUM - Wick Kosmetik &amp; Wellness in Oberstaufen im Allg\u00e4u\" \/>\n<meta property=\"og:description\" content=\"Impressum Kosmetik &amp; Wellness Wick\" \/>\n<meta property=\"og:url\" content=\"https:\/\/kosmetik-wellness-wick.de\/?page_id=2327\" \/>\n<meta property=\"og:site_name\" content=\"Wick Kosmetik &amp; Wellness in Oberstaufen im Allg\u00e4u\" \/>\n<meta property=\"article:modified_time\" content=\"2026-03-24T08:36:41+00:00\" \/>\n<meta name=\"twitter:card\" content=\"summary_large_image\" \/>\n<meta name=\"twitter:label1\" content=\"Gesch\u00e4tzte Lesezeit\" \/>\n\t<meta name=\"twitter:data1\" content=\"3\u00a0Minuten\" \/>\n<script type=\"application\/ld+json\" class=\"yoast-schema-graph\">{\"@context\":\"https:\/\/schema.org\",\"@graph\":[{\"@type\":\"WebPage\",\"@id\":\"https:\/\/kosmetik-wellness-wick.de\/?page_id=2327\",\"url\":\"https:\/\/kosmetik-wellness-wick.de\/?page_id=2327\",\"name\":\"IMPRESSUM - Wick Kosmetik &amp; Wellness in Oberstaufen im Allg\u00e4u\",\"isPartOf\":{\"@id\":\"https:\/\/kosmetik-wellness-wick.de\/#website\"},\"primaryImageOfPage\":{\"@id\":\"https:\/\/kosmetik-wellness-wick.de\/?page_id=2327#primaryimage\"},\"image\":{\"@id\":\"https:\/\/kosmetik-wellness-wick.de\/?page_id=2327#primaryimage\"},\"thumbnailUrl\":\"https:\/\/www.metallbau-hartinger.de\/wp-content\/uploads\/2025\/03\/SB_Logo_ReDesign_Pfade_RGB_Web_Vorlage.jpg\",\"datePublished\":\"2026-02-13T12:13:01+00:00\",\"dateModified\":\"2026-03-24T08:36:41+00:00\",\"description\":\"Impressum Kosmetik & Wellness Wick\",\"breadcrumb\":{\"@id\":\"https:\/\/kosmetik-wellness-wick.de\/?page_id=2327#breadcrumb\"},\"inLanguage\":\"de\",\"potentialAction\":[{\"@type\":\"ReadAction\",\"target\":[\"https:\/\/kosmetik-wellness-wick.de\/?page_id=2327\"]}]},{\"@type\":\"ImageObject\",\"inLanguage\":\"de\",\"@id\":\"https:\/\/kosmetik-wellness-wick.de\/?page_id=2327#primaryimage\",\"url\":\"https:\/\/www.metallbau-hartinger.de\/wp-content\/uploads\/2025\/03\/SB_Logo_ReDesign_Pfade_RGB_Web_Vorlage.jpg\",\"contentUrl\":\"https:\/\/www.metallbau-hartinger.de\/wp-content\/uploads\/2025\/03\/SB_Logo_ReDesign_Pfade_RGB_Web_Vorlage.jpg\"},{\"@type\":\"BreadcrumbList\",\"@id\":\"https:\/\/kosmetik-wellness-wick.de\/?page_id=2327#breadcrumb\",\"itemListElement\":[{\"@type\":\"ListItem\",\"position\":1,\"name\":\"Start\",\"item\":\"https:\/\/kosmetik-wellness-wick.de\/\"},{\"@type\":\"ListItem\",\"position\":2,\"name\":\"IMPRESSUM\"}]},{\"@type\":\"WebSite\",\"@id\":\"https:\/\/kosmetik-wellness-wick.de\/#website\",\"url\":\"https:\/\/kosmetik-wellness-wick.de\/\",\"name\":\"Wick Kosmetik & Wellness in Oberstaufen im Allg\u00e4u\",\"description\":\"Ihre Auszeit f\u00fcr Sch\u00f6nheit, Pflege und Entspannung im Kosmetikstudio in Oberstaufen\",\"publisher\":{\"@id\":\"https:\/\/kosmetik-wellness-wick.de\/#organization\"},\"potentialAction\":[{\"@type\":\"SearchAction\",\"target\":{\"@type\":\"EntryPoint\",\"urlTemplate\":\"https:\/\/kosmetik-wellness-wick.de\/?s={search_term_string}\"},\"query-input\":{\"@type\":\"PropertyValueSpecification\",\"valueRequired\":true,\"valueName\":\"search_term_string\"}}],\"inLanguage\":\"de\"},{\"@type\":\"Organization\",\"@id\":\"https:\/\/kosmetik-wellness-wick.de\/#organization\",\"name\":\"Wick Kosmetik & Wellness in Oberstaufen im Allg\u00e4u\",\"url\":\"https:\/\/kosmetik-wellness-wick.de\/\",\"logo\":{\"@type\":\"ImageObject\",\"inLanguage\":\"de\",\"@id\":\"https:\/\/kosmetik-wellness-wick.de\/#\/schema\/logo\/image\/\",\"url\":\"https:\/\/kosmetik-wellness-wick.de\/wp-content\/uploads\/2026\/02\/Logo-Aufbau-Wick.png\",\"contentUrl\":\"https:\/\/kosmetik-wellness-wick.de\/wp-content\/uploads\/2026\/02\/Logo-Aufbau-Wick.png\",\"width\":765,\"height\":371,\"caption\":\"Wick Kosmetik & Wellness in Oberstaufen im Allg\u00e4u\"},\"image\":{\"@id\":\"https:\/\/kosmetik-wellness-wick.de\/#\/schema\/logo\/image\/\"}}]}<\/script>\n<!-- \/ Yoast SEO plugin. -->","yoast_head_json":{"title":"IMPRESSUM - Wick Kosmetik &amp; Wellness in Oberstaufen im Allg\u00e4u","description":"Impressum Kosmetik & Wellness Wick","robots":{"index":"index","follow":"follow","max-snippet":"max-snippet:-1","max-image-preview":"max-image-preview:large","max-video-preview":"max-video-preview:-1"},"canonical":"https:\/\/kosmetik-wellness-wick.de\/?page_id=2327","og_locale":"de_DE","og_type":"article","og_title":"IMPRESSUM - Wick Kosmetik &amp; Wellness in Oberstaufen im Allg\u00e4u","og_description":"Impressum Kosmetik & Wellness Wick","og_url":"https:\/\/kosmetik-wellness-wick.de\/?page_id=2327","og_site_name":"Wick Kosmetik &amp; Wellness in Oberstaufen im Allg\u00e4u","article_modified_time":"2026-03-24T08:36:41+00:00","twitter_card":"summary_large_image","twitter_misc":{"Gesch\u00e4tzte Lesezeit":"3\u00a0Minuten"},"schema":{"@context":"https:\/\/schema.org","@graph":[{"@type":"WebPage","@id":"https:\/\/kosmetik-wellness-wick.de\/?page_id=2327","url":"https:\/\/kosmetik-wellness-wick.de\/?page_id=2327","name":"IMPRESSUM - Wick Kosmetik &amp; Wellness in Oberstaufen im Allg\u00e4u","isPartOf":{"@id":"https:\/\/kosmetik-wellness-wick.de\/#website"},"primaryImageOfPage":{"@id":"https:\/\/kosmetik-wellness-wick.de\/?page_id=2327#primaryimage"},"image":{"@id":"https:\/\/kosmetik-wellness-wick.de\/?page_id=2327#primaryimage"},"thumbnailUrl":"https:\/\/www.metallbau-hartinger.de\/wp-content\/uploads\/2025\/03\/SB_Logo_ReDesign_Pfade_RGB_Web_Vorlage.jpg","datePublished":"2026-02-13T12:13:01+00:00","dateModified":"2026-03-24T08:36:41+00:00","description":"Impressum Kosmetik & Wellness Wick","breadcrumb":{"@id":"https:\/\/kosmetik-wellness-wick.de\/?page_id=2327#breadcrumb"},"inLanguage":"de","potentialAction":[{"@type":"ReadAction","target":["https:\/\/kosmetik-wellness-wick.de\/?page_id=2327"]}]},{"@type":"ImageObject","inLanguage":"de","@id":"https:\/\/kosmetik-wellness-wick.de\/?page_id=2327#primaryimage","url":"https:\/\/www.metallbau-hartinger.de\/wp-content\/uploads\/2025\/03\/SB_Logo_ReDesign_Pfade_RGB_Web_Vorlage.jpg","contentUrl":"https:\/\/www.metallbau-hartinger.de\/wp-content\/uploads\/2025\/03\/SB_Logo_ReDesign_Pfade_RGB_Web_Vorlage.jpg"},{"@type":"BreadcrumbList","@id":"https:\/\/kosmetik-wellness-wick.de\/?page_id=2327#breadcrumb","itemListElement":[{"@type":"ListItem","position":1,"name":"Start","item":"https:\/\/kosmetik-wellness-wick.de\/"},{"@type":"ListItem","position":2,"name":"IMPRESSUM"}]},{"@type":"WebSite","@id":"https:\/\/kosmetik-wellness-wick.de\/#website","url":"https:\/\/kosmetik-wellness-wick.de\/","name":"Wick Kosmetik & Wellness in Oberstaufen im Allg\u00e4u","description":"Ihre Auszeit f\u00fcr Sch\u00f6nheit, Pflege und Entspannung im Kosmetikstudio in Oberstaufen","publisher":{"@id":"https:\/\/kosmetik-wellness-wick.de\/#organization"},"potentialAction":[{"@type":"SearchAction","target":{"@type":"EntryPoint","urlTemplate":"https:\/\/kosmetik-wellness-wick.de\/?s={search_term_string}"},"query-input":{"@type":"PropertyValueSpecification","valueRequired":true,"valueName":"search_term_string"}}],"inLanguage":"de"},{"@type":"Organization","@id":"https:\/\/kosmetik-wellness-wick.de\/#organization","name":"Wick Kosmetik & Wellness in Oberstaufen im Allg\u00e4u","url":"https:\/\/kosmetik-wellness-wick.de\/","logo":{"@type":"ImageObject","inLanguage":"de","@id":"https:\/\/kosmetik-wellness-wick.de\/#\/schema\/logo\/image\/","url":"https:\/\/kosmetik-wellness-wick.de\/wp-content\/uploads\/2026\/02\/Logo-Aufbau-Wick.png","contentUrl":"https:\/\/kosmetik-wellness-wick.de\/wp-content\/uploads\/2026\/02\/Logo-Aufbau-Wick.png","width":765,"height":371,"caption":"Wick Kosmetik & Wellness in Oberstaufen im Allg\u00e4u"},"image":{"@id":"https:\/\/kosmetik-wellness-wick.de\/#\/schema\/logo\/image\/"}}]}},"_links":{"self":[{"href":"https:\/\/kosmetik-wellness-wick.de\/index.php?rest_route=\/wp\/v2\/pages\/2327","targetHints":{"allow":["GET"]}}],"collection":[{"href":"https:\/\/kosmetik-wellness-wick.de\/index.php?rest_route=\/wp\/v2\/pages"}],"about":[{"href":"https:\/\/kosmetik-wellness-wick.de\/index.php?rest_route=\/wp\/v2\/types\/page"}],"author":[{"embeddable":true,"href":"https:\/\/kosmetik-wellness-wick.de\/index.php?rest_route=\/wp\/v2\/users\/1"}],"replies":[{"embeddable":true,"href":"https:\/\/kosmetik-wellness-wick.de\/index.php?rest_route=%2Fwp%2Fv2%2Fcomments&post=2327"}],"version-history":[{"count":3,"href":"https:\/\/kosmetik-wellness-wick.de\/index.php?rest_route=\/wp\/v2\/pages\/2327\/revisions"}],"predecessor-version":[{"id":2380,"href":"https:\/\/kosmetik-wellness-wick.de\/index.php?rest_route=\/wp\/v2\/pages\/2327\/revisions\/2380"}],"wp:attachment":[{"href":"https:\/\/kosmetik-wellness-wick.de\/index.php?rest_route=%2Fwp%2Fv2%2Fmedia&parent=2327"}],"curies":[{"name":"wp","href":"https:\/\/api.w.org\/{rel}","templated":true}]}}